{"id":32,"date":"2024-05-31T16:47:30","date_gmt":"2024-05-31T16:47:30","guid":{"rendered":"https:\/\/damaris.armesis.com\/?page_id=32"},"modified":"2024-06-18T04:39:50","modified_gmt":"2024-06-18T04:39:50","slug":"aviso-de-privacidad","status":"publish","type":"page","link":"https:\/\/damaris.armesis.com\/index.php\/aviso-de-privacidad\/","title":{"rendered":"Aviso de Privacidad"},"content":{"rendered":"<p>[et_pb_section fb_built=\u00bb1&#8243; next_background_color=\u00bb#ffffff\u00bb _builder_version=\u00bb4.25.1&#8243; _module_preset=\u00bbdefault\u00bb background_enable_color=\u00bboff\u00bb use_background_color_gradient=\u00bbon\u00bb background_color_gradient_type=\u00bbelliptical\u00bb background_color_gradient_stops=\u00bbrgba(255,255,255,0.52) 1%|rgba(255,255,255,0.1) 100%\u00bb background_color_gradient_overlays_image=\u00bbon\u00bb background_image=\u00bbhttps:\/\/damaris.armesis.com\/wp-content\/uploads\/2024\/06\/kola.webp\u00bb parallax=\u00bbon\u00bb custom_padding=\u00bb84px||185px|||\u00bb bottom_divider_style=\u00bbwave2&#8243; bottom_divider_height=\u00bb130px\u00bb bottom_divider_repeat=\u00bb2x\u00bb animation_style=\u00bbfade\u00bb global_colors_info=\u00bb{}\u00bb][et_pb_row _builder_version=\u00bb4.25.1&#8243; _module_preset=\u00bbdefault\u00bb global_colors_info=\u00bb{}\u00bb][et_pb_column type=\u00bb4_4&#8243; _builder_version=\u00bb4.25.1&#8243; _module_preset=\u00bbdefault\u00bb global_colors_info=\u00bb{}\u00bb][et_pb_image src=\u00bbhttps:\/\/damaris.armesis.com\/wp-content\/uploads\/2024\/06\/logocolor.png\u00bb title_text=\u00bblogocolor\u00bb align=\u00bbcenter\u00bb _builder_version=\u00bb4.25.1&#8243; _module_preset=\u00bbdefault\u00bb max_width=\u00bb35%\u00bb animation_style=\u00bbzoom\u00bb global_colors_info=\u00bb{}\u00bb][\/et_pb_image][\/et_pb_column][\/et_pb_row][\/et_pb_section][et_pb_section fb_built=\u00bb1&#8243; _builder_version=\u00bb4.25.1&#8243; _module_preset=\u00bbdefault\u00bb custom_padding=\u00bb18px||37px|||\u00bb bottom_divider_height=\u00bb85px\u00bb animation_direction=\u00bbtop\u00bb global_colors_info=\u00bb{}\u00bb][et_pb_row _builder_version=\u00bb4.25.1&#8243; _module_preset=\u00bbdefault\u00bb custom_padding=\u00bb16px||17px|||\u00bb global_colors_info=\u00bb{}\u00bb][et_pb_column type=\u00bb4_4&#8243; _builder_version=\u00bb4.25.1&#8243; _module_preset=\u00bbdefault\u00bb global_colors_info=\u00bb{}\u00bb][et_pb_text _builder_version=\u00bb4.25.1&#8243; _module_preset=\u00bbdefault\u00bb text_font=\u00bb||||||||\u00bb animation_style=\u00bbfold\u00bb animation_direction=\u00bbtop\u00bb global_colors_info=\u00bb{}\u00bb]<\/p>\n<h2 style=\"text-align: center;\"><span style=\"color: #000000;\"><strong>Aviso de Privacidad<\/strong><\/span><\/h2>\n<p style=\"text-align: center;\"><span style=\"color: #000000;\">\u00daltima actualizaci\u00f3n: 31\/05\/24<\/span><\/p>\n<p>[\/et_pb_text][\/et_pb_column][\/et_pb_row][et_pb_row _builder_version=\u00bb4.25.1&#8243; _module_preset=\u00bbdefault\u00bb global_colors_info=\u00bb{}\u00bb][et_pb_column type=\u00bb4_4&#8243; _builder_version=\u00bb4.25.1&#8243; _module_preset=\u00bbdefault\u00bb global_colors_info=\u00bb{}\u00bb][et_pb_text _builder_version=\u00bb4.25.1&#8243; _module_preset=\u00bbdefault\u00bb text_text_color=\u00bb#000000&#8243; animation_style=\u00bbfade\u00bb global_colors_info=\u00bb{}\u00bb]<\/p>\n<p style=\"text-align: justify;\">Refrescos Zacatl\u00e1n, es responsable del tratamiento de sus datos personales conforme a este aviso de privacidad.<\/p>\n<p style=\"text-align: justify;\"><strong>1. Datos Personales<\/strong><\/p>\n<p style=\"text-align: justify;\">Recabamos los siguientes datos personales cuando usted utiliza nuestro sitio web:<\/p>\n<ul style=\"text-align: justify;\">\n<li>Informaci\u00f3n de contacto: nombre, direcci\u00f3n de correo electr\u00f3nico, n\u00famero de tel\u00e9fono.<\/li>\n<li>Informaci\u00f3n de navegaci\u00f3n: direcci\u00f3n IP, tipo de navegador, p\u00e1ginas visitadas, tiempo de visita.<\/li>\n<li>Preferencias y comentarios que usted nos proporciona a trav\u00e9s de formularios en el sitio.<\/li>\n<\/ul>\n<p><b>2. Finalidades del Tratamiento de Datos Personales<\/b><\/p>\n<p style=\"text-align: justify;\">Utilizamos sus datos personales para las siguientes finalidades:<\/p>\n<ul style=\"text-align: justify;\">\n<li>Proveer la informaci\u00f3n y servicios que usted solicite.<\/li>\n<li>Mejorar nuestro sitio web y nuestros servicios.<\/li>\n<li>Enviar comunicaciones promocionales y publicitarias (con su consentimiento).<\/li>\n<li>Cumplir con obligaciones legales y regulatorias.<\/li>\n<\/ul>\n<p><b>3. Transferencia de Datos Personales<\/b><\/p>\n<p style=\"text-align: justify;\">Sus datos personales pueden ser compartidos con:<\/p>\n<ul style=\"text-align: justify;\">\n<li>Proveedores de servicios que nos ayudan a operar nuestro sitio web y proporcionar nuestros servicios.<\/li>\n<li>Autoridades competentes en caso de ser requerido por ley.<\/li>\n<\/ul>\n<p><b>4. Derechos de los Titulares de los Datos<\/b><\/p>\n<p style=\"text-align: justify;\">Usted tiene derecho a:<\/p>\n<ul style=\"text-align: justify;\">\n<li>Acceder a sus datos personales.<\/li>\n<li>Rectificar datos personales inexactos o incompletos.<\/li>\n<li>Cancelar sus datos personales cuando considere que no se requieren para alguna de las finalidades se\u00f1aladas.<\/li>\n<li>Oponerse al tratamiento de sus datos personales para fines espec\u00edficos.<\/li>\n<\/ul>\n<p><b>5. Medidas de Seguridad<\/b><\/p>\n<p style=\"text-align: justify;\">Implementamos medidas de seguridad t\u00e9cnicas y organizativas para proteger sus datos personales contra acceso no autorizado, p\u00e9rdida, alteraci\u00f3n o destrucci\u00f3n.<\/p>\n<p><b>6. Cambios al Aviso de Privacidad<\/b><\/p>\n<p style=\"text-align: justify;\">Nos reservamos el derecho de modificar este aviso de privacidad. Cualquier cambio ser\u00e1 publicado en este sitio web con la fecha de la \u00faltima actualizaci\u00f3n.<\/p>\n<p><b>7. Contacto<\/b><\/p>\n<p style=\"text-align: justify;\">Para cualquier duda o comentario sobre este aviso de privacidad, puede contactarnos al correo: <strong><em>contacto@bebidasyjugos.com<\/em><\/strong><\/p>\n<p>[\/et_pb_text][\/et_pb_column][\/et_pb_row][\/et_pb_section][et_pb_section fb_built=\u00bb1&#8243; prev_background_color=\u00bb#ffffff\u00bb admin_label=\u00bbFooter\u00bb _builder_version=\u00bb4.25.1&#8243; _module_preset=\u00bbdefault\u00bb background_color=\u00bb#2f3500&#8243; background_enable_image=\u00bboff\u00bb custom_padding=\u00bb||25px||false|false\u00bb top_divider_style=\u00bbcurve2&#8243; hover_enabled=\u00bb0&#8243; locked=\u00bboff\u00bb collapsed=\u00bboff\u00bb global_colors_info=\u00bb{}\u00bb animation_style=\u00bbzoom\u00bb sticky_enabled=\u00bb0&#8243;][et_pb_row column_structure=\u00bb2_3,1_3&#8243; make_equal=\u00bbon\u00bb _builder_version=\u00bb4.25.1&#8243; _module_preset=\u00bbdefault\u00bb custom_padding=\u00bb118px|||||\u00bb global_colors_info=\u00bb{}\u00bb][et_pb_column type=\u00bb2_3&#8243; _builder_version=\u00bb4.17.4&#8243; _module_preset=\u00bbdefault\u00bb global_colors_info=\u00bb{}\u00bb][et_pb_text _builder_version=\u00bb4.17.4&#8243; _module_preset=\u00bb4827deed-2a92-4d97-a22f-f01067ae6873&#8243; header_font=\u00bb||||||||\u00bb header_4_font=\u00bbDarker Grotesque|700|||||||\u00bb header_4_text_color=\u00bb#FFFFFF\u00bb header_4_font_size=\u00bb20px\u00bb header_4_line_height=\u00bb1.4em\u00bb custom_margin=\u00bb||0px||false|false\u00bb header_4_font_size_tablet=\u00bb17px\u00bb header_4_font_size_phone=\u00bb15px\u00bb header_4_font_size_last_edited=\u00bbon|phone\u00bb locked=\u00bboff\u00bb global_colors_info=\u00bb{}\u00bb]<\/p>\n<h4>Direcci\u00f3n<\/h4>\n<p>[\/et_pb_text][et_pb_text _builder_version=\u00bb4.25.1&#8243; _module_preset=\u00bbaaa7c440-590a-4078-ae0c-0f3c699ac51c\u00bb header_font=\u00bb||||||||\u00bb header_3_font=\u00bbDarker Grotesque|700|||||||\u00bb header_3_text_color=\u00bb#FFFFFF\u00bb header_3_font_size=\u00bb24px\u00bb header_3_line_height=\u00bb1.2em\u00bb header_3_font_size_tablet=\u00bb20px\u00bb header_3_font_size_phone=\u00bb16px\u00bb header_3_font_size_last_edited=\u00bbon|phone\u00bb locked=\u00bboff\u00bb global_colors_info=\u00bb{}\u00bb]<\/p>\n<h3><span>Camino la Puerta N\u00b0 6, <\/span><span>Agroparque Esperanza <\/span><span>Puebla, Puebla, M\u00e9xico<\/span><\/h3>\n<p>[\/et_pb_text][et_pb_text _builder_version=\u00bb4.17.4&#8243; _module_preset=\u00bb4827deed-2a92-4d97-a22f-f01067ae6873&#8243; header_font=\u00bb||||||||\u00bb header_4_font=\u00bbDarker Grotesque|700|||||||\u00bb header_4_text_color=\u00bb#FFFFFF\u00bb header_4_font_size=\u00bb20px\u00bb header_4_line_height=\u00bb1.4em\u00bb custom_margin=\u00bb||0px||false|false\u00bb header_4_font_size_tablet=\u00bb17px\u00bb header_4_font_size_phone=\u00bb15px\u00bb header_4_font_size_last_edited=\u00bbon|phone\u00bb locked=\u00bboff\u00bb global_colors_info=\u00bb{}\u00bb]<\/p>\n<h4>Cont\u00e1ctanos<\/h4>\n<p>[\/et_pb_text][et_pb_text _builder_version=\u00bb4.25.1&#8243; _module_preset=\u00bbaaa7c440-590a-4078-ae0c-0f3c699ac51c\u00bb header_font=\u00bb||||||||\u00bb header_3_font=\u00bbDarker Grotesque|700|||||||\u00bb header_3_text_color=\u00bb#FFFFFF\u00bb header_3_font_size=\u00bb24px\u00bb header_3_line_height=\u00bb1.2em\u00bb custom_padding=\u00bb|42px||98px||\u00bb header_3_font_size_tablet=\u00bb20px\u00bb header_3_font_size_phone=\u00bb16px\u00bb header_3_font_size_last_edited=\u00bbon|phone\u00bb locked=\u00bboff\u00bb global_colors_info=\u00bb{}\u00bb]<\/p>\n<h3><span>+52 ( 222 ) 210 56 44<\/span><br \/><span>+52 ( 222 ) 210 58 49<\/span><\/h3>\n<p>[\/et_pb_text][et_pb_social_media_follow icon_color=\u00bb#FFFFFF\u00bb use_icon_font_size=\u00bbon\u00bb _builder_version=\u00bb4.25.1&#8243; _module_preset=\u00bbdefault\u00bb custom_margin=\u00bb-89px|||||\u00bb custom_padding=\u00bb3px|||26px||\u00bb border_radii=\u00bbon|100px|100px|100px|100px\u00bb global_colors_info=\u00bb{}\u00bb][et_pb_social_media_follow_network social_network=\u00bbfacebook\u00bb url=\u00bbhttps:\/\/www.facebook.com\/people\/Manzanita-Zacatl%C3%A1n\/100067720941748\/?fref=ts\u00bb _builder_version=\u00bb4.25.1&#8243; _module_preset=\u00bbdefault\u00bb background_color=\u00bb#73a315&#8243; background_enable_color=\u00bbon\u00bb custom_padding=\u00bb5px|5px|5px|5px|true|true\u00bb global_colors_info=\u00bb{}\u00bb follow_button=\u00bboff\u00bb url_new_window=\u00bbon\u00bb]facebook[\/et_pb_social_media_follow_network][\/et_pb_social_media_follow][\/et_pb_column][et_pb_column type=\u00bb1_3&#8243; _builder_version=\u00bb4.25.1&#8243; _module_preset=\u00bbdefault\u00bb background_enable_mask_style=\u00bbon\u00bb background_mask_style=\u00bbbean\u00bb background_mask_color=\u00bb#6f9603&#8243; background_mask_transform=\u00bbinvert\u00bb background_mask_size=\u00bbcustom\u00bb custom_padding=\u00bb30px|40px|30px|40px|true|true\u00bb custom_padding_tablet=\u00bb50px|50px|35%|50px|false|true\u00bb custom_padding_phone=\u00bb20px|30px|40%|30px|false|true\u00bb custom_padding_last_edited=\u00bbon|tablet\u00bb background_last_edited=\u00bbon|tablet\u00bb background_mask_aspect_ratio_tablet=\u00bblandscape\u00bb background_mask_aspect_ratio_phone=\u00bbportrait\u00bb background_mask_size_phone=\u00bbcover\u00bb background_mask_position_tablet=\u00bbtop_center\u00bb global_colors_info=\u00bb{}\u00bb][et_pb_image src=\u00bbhttps:\/\/damaris.armesis.com\/wp-content\/uploads\/2024\/06\/logoblanc.png\u00bb title_text=\u00bblogoblanc\u00bb _builder_version=\u00bb4.25.1&#8243; _module_preset=\u00bbdefault\u00bb width=\u00bb52%\u00bb max_width=\u00bb100%\u00bb module_alignment=\u00bbcenter\u00bb custom_margin=\u00bb-82px|18px|2px||false|false\u00bb custom_padding=\u00bb||0px|||\u00bb global_colors_info=\u00bb{}\u00bb][\/et_pb_image][et_pb_text _builder_version=\u00bb4.25.1&#8243; _module_preset=\u00bb1f09816e-184e-4ce5-a4cf-b39c52c423ca\u00bb text_font=\u00bbDarker Grotesque|700|||||||\u00bb text_text_color=\u00bb#FFFFFF\u00bb text_font_size=\u00bb19px\u00bb text_line_height=\u00bb1.5em\u00bb text_font_size_tablet=\u00bb18px\u00bb text_font_size_phone=\u00bb16px\u00bb text_font_size_last_edited=\u00bbon|phone\u00bb header_font_size_tablet=\u00bb55px\u00bb header_font_size_last_edited=\u00bboff|desktop\u00bb locked=\u00bboff\u00bb global_colors_info=\u00bb{}\u00bb]<\/p>\n<p style=\"text-align: center;\"><a href=\"https:\/\/damaris.armesis.com\/index.php\/aviso-de-privacidad\/\"><span style=\"color: #ffffff;\">Aviso de Privacidad<\/span><\/a><\/p>\n<p style=\"text-align: center;\"><span style=\"color: #ffffff;\"><a href=\"https:\/\/damaris.armesis.com\/index.php\/preguntas-frecuentes\/\" style=\"color: #ffffff;\">Preguntas Frecuentes<\/a><\/span><\/p>\n<p>[\/et_pb_text][\/et_pb_column][\/et_pb_row][\/et_pb_section]<\/p>\n","protected":false},"excerpt":{"rendered":"<p>Aviso de Privacidad \u00daltima actualizaci\u00f3n: 31\/05\/24Refrescos Zacatl\u00e1n, es responsable del tratamiento de sus datos personales conforme a este aviso de privacidad. 1. Datos Personales Recabamos los siguientes datos personales cuando usted utiliza nuestro sitio web: Informaci\u00f3n de contacto: nombre, direcci\u00f3n de correo electr\u00f3nico, n\u00famero de tel\u00e9fono. Informaci\u00f3n de navegaci\u00f3n: direcci\u00f3n IP, tipo de navegador, p\u00e1ginas [&hellip;]<\/p>\n","protected":false},"author":1,"featured_media":0,"parent":0,"menu_order":0,"comment_status":"closed","ping_status":"closed","template":"","meta":{"_et_pb_use_builder":"on","_et_pb_old_content":"","_et_gb_content_width":"","footnotes":""},"class_list":["post-32","page","type-page","status-publish","hentry"],"_links":{"self":[{"href":"https:\/\/damaris.armesis.com\/index.php\/wp-json\/wp\/v2\/pages\/32","targetHints":{"allow":["GET"]}}],"collection":[{"href":"https:\/\/damaris.armesis.com\/index.php\/wp-json\/wp\/v2\/pages"}],"about":[{"href":"https:\/\/damaris.armesis.com\/index.php\/wp-json\/wp\/v2\/types\/page"}],"author":[{"embeddable":true,"href":"https:\/\/damaris.armesis.com\/index.php\/wp-json\/wp\/v2\/users\/1"}],"replies":[{"embeddable":true,"href":"https:\/\/damaris.armesis.com\/index.php\/wp-json\/wp\/v2\/comments?post=32"}],"version-history":[{"count":14,"href":"https:\/\/damaris.armesis.com\/index.php\/wp-json\/wp\/v2\/pages\/32\/revisions"}],"predecessor-version":[{"id":324,"href":"https:\/\/damaris.armesis.com\/index.php\/wp-json\/wp\/v2\/pages\/32\/revisions\/324"}],"wp:attachment":[{"href":"https:\/\/damaris.armesis.com\/index.php\/wp-json\/wp\/v2\/media?parent=32"}],"curies":[{"name":"wp","href":"https:\/\/api.w.org\/{rel}","templated":true}]}}