{"id":24,"date":"2024-05-31T16:46:36","date_gmt":"2024-05-31T16:46:36","guid":{"rendered":"https:\/\/damaris.armesis.com\/?page_id=24"},"modified":"2024-06-19T02:03:30","modified_gmt":"2024-06-19T02:03:30","slug":"sidras","status":"publish","type":"page","link":"https:\/\/damaris.armesis.com\/index.php\/sidras\/","title":{"rendered":"Sidras"},"content":{"rendered":"<p>[et_pb_section fb_built=\u00bb1&#8243; admin_label=\u00bbHeader\u00bb _builder_version=\u00bb4.25.1&#8243; _module_preset=\u00bbdefault\u00bb background_enable_color=\u00bboff\u00bb use_background_color_gradient=\u00bbon\u00bb background_color_gradient_type=\u00bbelliptical\u00bb background_color_gradient_direction_radial=\u00bbleft\u00bb background_color_gradient_stops=\u00bbrgba(255,255,255,0.73) 0%|rgba(255,255,255,0) 37%\u00bb background_color_gradient_overlays_image=\u00bbon\u00bb background_image=\u00bbhttps:\/\/damaris.armesis.com\/wp-content\/uploads\/2024\/06\/SIDRAF.jpg\u00bb parallax=\u00bbon\u00bb parallax_method=\u00bboff\u00bb overflow-x=\u00bbhidden\u00bb overflow-y=\u00bbhidden\u00bb custom_padding=\u00bb227px||0px||false|false\u00bb animation_style=\u00bbfade\u00bb collapsed=\u00bbon\u00bb global_colors_info=\u00bb{}\u00bb][et_pb_row column_structure=\u00bb3_5,2_5&#8243; _builder_version=\u00bb4.17.4&#8243; _module_preset=\u00bbdefault\u00bb z_index=\u00bb10&#8243; custom_margin=\u00bb||||false|false\u00bb global_colors_info=\u00bb{}\u00bb][et_pb_column type=\u00bb3_5&#8243; _builder_version=\u00bb4.17.4&#8243; _module_preset=\u00bbdefault\u00bb global_colors_info=\u00bb{}\u00bb][et_pb_text _builder_version=\u00bb4.25.1&#8243; _module_preset=\u00bbc16985e1-e0d6-4022-964d-e2bfc04fa633&#8243; header_font=\u00bbDarker Grotesque|700|||||||\u00bb header_text_color=\u00bb#FFFFFF\u00bb header_font_size=\u00bb80px\u00bb header_line_height=\u00bb0.9em\u00bb custom_margin=\u00bb-95px|98px||5px|false|false\u00bb custom_padding=\u00bb0px||0px|||\u00bb animation_style=\u00bbzoom\u00bb header_font_size_tablet=\u00bb40px\u00bb header_font_size_phone=\u00bb24px\u00bb header_font_size_last_edited=\u00bbon|phone\u00bb header_text_shadow_style=\u00bbpreset2&#8243; header_text_shadow_vertical_length=\u00bb0.05em\u00bb header_text_shadow_color=\u00bb#000000&#8243; global_colors_info=\u00bb{}\u00bb]<\/p>\n<h1>Sidras Zacatl\u00e1n<\/h1>\n<p>[\/et_pb_text][\/et_pb_column][et_pb_column type=\u00bb2_5&#8243; _builder_version=\u00bb4.17.4&#8243; _module_preset=\u00bbdefault\u00bb global_colors_info=\u00bb{}\u00bb][et_pb_image src=\u00bbhttps:\/\/damaris.armesis.com\/wp-content\/uploads\/2024\/06\/receta-sidra.jpg\u00bb title_text=\u00bbreceta-sidra\u00bb _builder_version=\u00bb4.25.1&#8243; _module_preset=\u00bbdefault\u00bb background_enable_image=\u00bboff\u00bb positioning=\u00bbabsolute\u00bb position_origin_a_tablet=\u00bb\u00bb position_origin_a_phone=\u00bb\u00bb position_origin_a_last_edited=\u00bbon|tablet\u00bb position_origin_f_tablet=\u00bb\u00bb position_origin_f_phone=\u00bb\u00bb position_origin_f_last_edited=\u00bbon|tablet\u00bb position_origin_r_tablet=\u00bb\u00bb position_origin_r_phone=\u00bb\u00bb position_origin_r_last_edited=\u00bbon|tablet\u00bb width=\u00bb70%\u00bb custom_margin=\u00bb-50.1%|||-30%|false|false\u00bb custom_margin_tablet=\u00bb5%|||0%|false|false\u00bb custom_margin_phone=\u00bb5%|||0%|false|false\u00bb custom_margin_last_edited=\u00bbon|tablet\u00bb animation_style=\u00bbzoom\u00bb animation_delay=\u00bb200ms\u00bb positioning_tablet=\u00bbnone\u00bb positioning_phone=\u00bbnone\u00bb positioning_last_edited=\u00bbon|tablet\u00bb border_radii=\u00bbon|400px|400px|400px|400px\u00bb border_width_all=\u00bb0.6vw\u00bb border_color_all=\u00bbRGBA(255,255,255,0)\u00bb border_width_all_tablet=\u00bb1.5vw\u00bb border_width_all_phone=\u00bb1.5vw\u00bb border_width_all_last_edited=\u00bbon|desktop\u00bb box_shadow_style=\u00bbpreset1&#8243; box_shadow_vertical=\u00bb0px\u00bb box_shadow_blur=\u00bb0px\u00bb box_shadow_spread=\u00bb5px\u00bb box_shadow_color=\u00bbrgba(135,29,0,0.74)\u00bb locked=\u00bboff\u00bb global_colors_info=\u00bb{}\u00bb][\/et_pb_image][et_pb_image src=\u00bbhttps:\/\/damaris.armesis.com\/wp-content\/uploads\/2024\/06\/sidras-manzanita-1.png\u00bb title_text=\u00bbsidras-manzanita-1&#8243; align_last_edited=\u00bboff|tablet\u00bb _builder_version=\u00bb4.25.1&#8243; _module_preset=\u00bbdefault\u00bb width=\u00bb85%\u00bb width_tablet=\u00bb60%\u00bb width_phone=\u00bb60%\u00bb width_last_edited=\u00bbon|tablet\u00bb max_height=\u00bb600px\u00bb custom_margin=\u00bb|-20vw||10vw|false|false\u00bb custom_margin_tablet=\u00bb|0vw||0vw|false|false\u00bb custom_margin_phone=\u00bb|0vw||0vw|false|false\u00bb custom_margin_last_edited=\u00bbon|tablet\u00bb animation_style=\u00bbzoom\u00bb animation_delay=\u00bb500ms\u00bb module_alignment_tablet=\u00bbright\u00bb module_alignment_phone=\u00bbright\u00bb module_alignment_last_edited=\u00bbon|tablet\u00bb border_radii=\u00bbon|400px|400px|400px|400px\u00bb border_width_all=\u00bb1vw\u00bb border_color_all=\u00bbRGBA(255,255,255,0)\u00bb border_width_all_tablet=\u00bb2vw\u00bb border_width_all_phone=\u00bb2vw\u00bb border_width_all_last_edited=\u00bbon|phone\u00bb box_shadow_style=\u00bbpreset1&#8243; box_shadow_vertical=\u00bb0px\u00bb box_shadow_blur=\u00bb0px\u00bb box_shadow_spread=\u00bb10px\u00bb box_shadow_color=\u00bbrgba(150,142,0,0.71)\u00bb locked=\u00bboff\u00bb global_colors_info=\u00bb{}\u00bb][\/et_pb_image][\/et_pb_column][\/et_pb_row][et_pb_row _builder_version=\u00bb4.25.1&#8243; _module_preset=\u00bbdefault\u00bb positioning=\u00bbabsolute\u00bb position_origin_a=\u00bbbottom_center\u00bb width=\u00bb100%\u00bb max_width=\u00bb100%\u00bb custom_padding=\u00bb||0px||false|false\u00bb global_colors_info=\u00bb{}\u00bb][et_pb_column type=\u00bb4_4&#8243; _builder_version=\u00bb4.17.4&#8243; _module_preset=\u00bbdefault\u00bb global_colors_info=\u00bb{}\u00bb][et_pb_image src=\u00bbhttps:\/\/damaris.armesis.com\/wp-content\/uploads\/2024\/06\/brush-bg-01d.png\u00bb title_text=\u00bbbrush-bg-01d\u00bb force_fullwidth=\u00bbon\u00bb _builder_version=\u00bb4.17.4&#8243; _module_preset=\u00bbdefault\u00bb custom_margin=\u00bb||||false|false\u00bb global_colors_info=\u00bb{}\u00bb][\/et_pb_image][\/et_pb_column][\/et_pb_row][\/et_pb_section][et_pb_section fb_built=\u00bb1&#8243; _builder_version=\u00bb4.25.1&#8243; _module_preset=\u00bbdefault\u00bb custom_padding=\u00bb66px|||||\u00bb global_colors_info=\u00bb{}\u00bb][et_pb_row column_structure=\u00bb1_4,1_4,1_4,1_4&#8243; _builder_version=\u00bb4.25.1&#8243; _module_preset=\u00bbdefault\u00bb global_colors_info=\u00bb{}\u00bb][et_pb_column type=\u00bb1_4&#8243; _builder_version=\u00bb4.25.1&#8243; _module_preset=\u00bbdefault\u00bb global_colors_info=\u00bb{}\u00bb][et_pb_image src=\u00bbhttps:\/\/damaris.armesis.com\/wp-content\/uploads\/2024\/06\/Zacatlan-Sidras-Marques-de-Estrada.png\u00bb title_text=\u00bbZacatlan-Sidras-Marques-de-Estrada\u00bb align=\u00bbcenter\u00bb _builder_version=\u00bb4.25.1&#8243; _module_preset=\u00bbdefault\u00bb module_alignment=\u00bbcenter\u00bb animation_style=\u00bbbounce\u00bb border_radii=\u00bbon|100%|100%|100%|100%\u00bb box_shadow_style=\u00bbpreset3&#8243; box_shadow_color=\u00bbrgba(42,94,0,0.3)\u00bb global_colors_info=\u00bb{}\u00bb][\/et_pb_image][et_pb_text _builder_version=\u00bb4.25.1&#8243; _module_preset=\u00bbdefault\u00bb header_3_text_align=\u00bbcenter\u00bb header_3_font_size=\u00bb19px\u00bb header_3_line_height=\u00bb1.3em\u00bb custom_margin=\u00bb||10px||false|false\u00bb custom_padding=\u00bb10px||||false|false\u00bb animation_style=\u00bbfold\u00bb animation_direction=\u00bbtop\u00bb global_colors_info=\u00bb{}\u00bb]<\/p>\n<h3 style=\"text-align: center;\"><span style=\"color: #000000;\"><strong>Sidra \u00c1mbar Marqu\u00e9s de Estrada<\/strong><\/span><\/h3>\n<p>[\/et_pb_text][et_pb_text _builder_version=\u00bb4.25.1&#8243; _module_preset=\u00bbdefault\u00bb text_text_color=\u00bb#000000&#8243; text_orientation=\u00bbjustified\u00bb animation_style=\u00bbfold\u00bb animation_direction=\u00bbtop\u00bb global_colors_info=\u00bb{}\u00bb]<\/p>\n<p><span style=\"color: #000000;\"><strong>Presentaci\u00f3n:<\/strong> Botella de vidrio con 700 ml.<\/span><\/p>\n<p><strong>Ingredientes:<\/strong> Jugo de manzana fermentado, jugo de naranja.<\/p>\n<p><strong>% de alcohol:<\/strong> 5%<\/p>\n<p><strong>Tiempo de a\u00f1ejamiento:<\/strong> 12 meses.<\/p>\n<p>[\/et_pb_text][\/et_pb_column][et_pb_column type=\u00bb1_4&#8243; _builder_version=\u00bb4.25.1&#8243; _module_preset=\u00bbdefault\u00bb global_colors_info=\u00bb{}\u00bb][et_pb_image src=\u00bbhttps:\/\/damaris.armesis.com\/wp-content\/uploads\/2024\/06\/Zacatlan-Sidras-Pilona.png\u00bb title_text=\u00bbZacatlan-Sidras-Pilona\u00bb align=\u00bbcenter\u00bb _builder_version=\u00bb4.25.1&#8243; _module_preset=\u00bbdefault\u00bb module_alignment=\u00bbcenter\u00bb animation_style=\u00bbbounce\u00bb border_radii=\u00bbon|100%|100%|100%|100%\u00bb box_shadow_style=\u00bbpreset3&#8243; box_shadow_color=\u00bbrgba(42,94,0,0.3)\u00bb global_colors_info=\u00bb{}\u00bb][\/et_pb_image][et_pb_text _builder_version=\u00bb4.25.1&#8243; _module_preset=\u00bbdefault\u00bb header_3_text_align=\u00bbcenter\u00bb header_3_font_size=\u00bb19px\u00bb header_3_line_height=\u00bb1.3em\u00bb custom_margin=\u00bb||10px||false|false\u00bb custom_padding=\u00bb10px||||false|false\u00bb animation_style=\u00bbfold\u00bb animation_direction=\u00bbtop\u00bb global_colors_info=\u00bb{}\u00bb]<\/p>\n<h3 style=\"text-align: center;\"><span style=\"color: #000000;\"><strong>Sidra Pilo\u00f1a<\/strong><\/span><\/h3>\n<p><span style=\"color: #ffffff;\"><strong>mm<\/strong><\/span><\/p>\n<p>[\/et_pb_text][et_pb_text _builder_version=\u00bb4.25.1&#8243; _module_preset=\u00bbdefault\u00bb text_text_color=\u00bb#000000&#8243; text_orientation=\u00bbjustified\u00bb animation_style=\u00bbfold\u00bb animation_direction=\u00bbtop\u00bb global_colors_info=\u00bb{}\u00bb]<\/p>\n<p><span style=\"color: #000000;\"><strong>Presentaci\u00f3n:<\/strong> Botella de vidrio con 700 ml.<\/span><\/p>\n<p><strong>Ingredientes:<\/strong> Jugo de manzana fermentado, jugo de naranja.<\/p>\n<p><strong>% de alcohol:<\/strong> 5%<\/p>\n<p><strong>Tiempo de a\u00f1ejamiento:<\/strong> 12 meses.<\/p>\n<p>[\/et_pb_text][\/et_pb_column][et_pb_column type=\u00bb1_4&#8243; _builder_version=\u00bb4.25.1&#8243; _module_preset=\u00bbdefault\u00bb global_colors_info=\u00bb{}\u00bb][et_pb_image src=\u00bbhttps:\/\/damaris.armesis.com\/wp-content\/uploads\/2024\/06\/Zacatlan-Sidras-Castellana.png\u00bb title_text=\u00bbZacatlan-Sidras-Castellana\u00bb align=\u00bbcenter\u00bb _builder_version=\u00bb4.25.1&#8243; _module_preset=\u00bbdefault\u00bb module_alignment=\u00bbcenter\u00bb animation_style=\u00bbbounce\u00bb border_radii=\u00bbon|100%|100%|100%|100%\u00bb box_shadow_style=\u00bbpreset3&#8243; box_shadow_color=\u00bbrgba(42,94,0,0.3)\u00bb global_colors_info=\u00bb{}\u00bb][\/et_pb_image][et_pb_text _builder_version=\u00bb4.25.1&#8243; _module_preset=\u00bbdefault\u00bb header_3_text_align=\u00bbcenter\u00bb header_3_font_size=\u00bb19px\u00bb header_3_line_height=\u00bb1.3em\u00bb custom_margin=\u00bb||10px||false|false\u00bb custom_padding=\u00bb10px||||false|false\u00bb animation_style=\u00bbfold\u00bb animation_direction=\u00bbtop\u00bb global_colors_info=\u00bb{}\u00bb]<\/p>\n<h3 style=\"text-align: center;\"><span style=\"color: #000000;\"><strong>Sidra Rosada Castellana<\/strong><\/span><\/h3>\n<p>[\/et_pb_text][et_pb_text _builder_version=\u00bb4.25.1&#8243; _module_preset=\u00bbdefault\u00bb text_text_color=\u00bb#000000&#8243; text_orientation=\u00bbjustified\u00bb animation_style=\u00bbfold\u00bb animation_direction=\u00bbtop\u00bb global_colors_info=\u00bb{}\u00bb]<\/p>\n<p><span style=\"color: #000000;\"><strong>Presentaci\u00f3n:<\/strong> Botella de vidrio con 700 ml.<\/span><\/p>\n<p><strong>Ingredientes:<\/strong> Jugo de manzana fermentado, jugo de frambuesa.<\/p>\n<p><strong>% de alcohol:<\/strong> 5%<\/p>\n<p><strong>Tiempo de a\u00f1ejamiento:<\/strong> 12 meses.<\/p>\n<p>[\/et_pb_text][\/et_pb_column][et_pb_column type=\u00bb1_4&#8243; _builder_version=\u00bb4.25.1&#8243; _module_preset=\u00bbdefault\u00bb global_colors_info=\u00bb{}\u00bb][et_pb_image src=\u00bbhttps:\/\/damaris.armesis.com\/wp-content\/uploads\/2024\/06\/Zacatlan-Sidras-Villa-Verde.png\u00bb title_text=\u00bbZacatlan-Sidras-Villa-Verde\u00bb align=\u00bbcenter\u00bb _builder_version=\u00bb4.25.1&#8243; _module_preset=\u00bbdefault\u00bb module_alignment=\u00bbcenter\u00bb animation_style=\u00bbbounce\u00bb border_radii=\u00bbon|100%|100%|100%|100%\u00bb box_shadow_style=\u00bbpreset3&#8243; box_shadow_color=\u00bbrgba(42,94,0,0.3)\u00bb global_colors_info=\u00bb{}\u00bb][\/et_pb_image][et_pb_text _builder_version=\u00bb4.25.1&#8243; _module_preset=\u00bbdefault\u00bb header_3_text_align=\u00bbcenter\u00bb header_3_font_size=\u00bb19px\u00bb header_3_line_height=\u00bb1.3em\u00bb custom_margin=\u00bb||10px||false|false\u00bb custom_padding=\u00bb10px||||false|false\u00bb animation_style=\u00bbfold\u00bb animation_direction=\u00bbtop\u00bb global_colors_info=\u00bb{}\u00bb]<\/p>\n<h3 style=\"text-align: center;\"><span style=\"color: #000000;\"><strong>Sidra Villa Verde <span style=\"color: #ffffff;\">mmmmm<\/span><\/strong><\/span><\/h3>\n<p>[\/et_pb_text][et_pb_text _builder_version=\u00bb4.25.1&#8243; _module_preset=\u00bbdefault\u00bb text_text_color=\u00bb#000000&#8243; text_orientation=\u00bbjustified\u00bb animation_style=\u00bbfold\u00bb animation_direction=\u00bbtop\u00bb global_colors_info=\u00bb{}\u00bb]<\/p>\n<p><span style=\"color: #000000;\"><strong>Presentaci\u00f3n:<\/strong> Botella de vidrio con 700 ml.<\/span><\/p>\n<p><strong>Ingredientes:<\/strong> Jugo de manzana fermentado.<\/p>\n<p><strong>% de alcohol:<\/strong> 5%<\/p>\n<p><strong>Tiempo de a\u00f1ejamiento:<\/strong> 12 meses.<\/p>\n<p>[\/et_pb_text][\/et_pb_column][\/et_pb_row][\/et_pb_section][et_pb_section fb_built=\u00bb1&#8243; prev_background_color=\u00bb#ffffff\u00bb admin_label=\u00bbFooter\u00bb _builder_version=\u00bb4.25.1&#8243; _module_preset=\u00bbdefault\u00bb background_color=\u00bb#2f3500&#8243; background_enable_image=\u00bboff\u00bb custom_padding=\u00bb||25px||false|false\u00bb top_divider_style=\u00bbcurve2&#8243; animation_style=\u00bbfade\u00bb animation_direction=\u00bbtop\u00bb locked=\u00bboff\u00bb collapsed=\u00bboff\u00bb global_colors_info=\u00bb{}\u00bb][et_pb_row column_structure=\u00bb2_3,1_3&#8243; make_equal=\u00bbon\u00bb _builder_version=\u00bb4.25.1&#8243; _module_preset=\u00bbdefault\u00bb custom_padding=\u00bb118px|||||\u00bb global_colors_info=\u00bb{}\u00bb][et_pb_column type=\u00bb2_3&#8243; _builder_version=\u00bb4.17.4&#8243; _module_preset=\u00bbdefault\u00bb global_colors_info=\u00bb{}\u00bb][et_pb_text _builder_version=\u00bb4.17.4&#8243; _module_preset=\u00bb4827deed-2a92-4d97-a22f-f01067ae6873&#8243; header_font=\u00bb||||||||\u00bb header_4_font=\u00bbDarker Grotesque|700|||||||\u00bb header_4_text_color=\u00bb#FFFFFF\u00bb header_4_font_size=\u00bb20px\u00bb header_4_line_height=\u00bb1.4em\u00bb custom_margin=\u00bb||0px||false|false\u00bb header_4_font_size_tablet=\u00bb17px\u00bb header_4_font_size_phone=\u00bb15px\u00bb header_4_font_size_last_edited=\u00bbon|phone\u00bb locked=\u00bboff\u00bb global_colors_info=\u00bb{}\u00bb]<\/p>\n<h4>Direcci\u00f3n<\/h4>\n<p>[\/et_pb_text][et_pb_text _builder_version=\u00bb4.25.1&#8243; _module_preset=\u00bbaaa7c440-590a-4078-ae0c-0f3c699ac51c\u00bb header_font=\u00bb||||||||\u00bb header_3_font=\u00bbDarker Grotesque|700|||||||\u00bb header_3_text_color=\u00bb#FFFFFF\u00bb header_3_font_size=\u00bb24px\u00bb header_3_line_height=\u00bb1.2em\u00bb header_3_font_size_tablet=\u00bb20px\u00bb header_3_font_size_phone=\u00bb16px\u00bb header_3_font_size_last_edited=\u00bbon|phone\u00bb locked=\u00bboff\u00bb global_colors_info=\u00bb{}\u00bb]<\/p>\n<h3><span>Camino la Puerta N\u00b0 6, <\/span><span>Agroparque Esperanza <\/span><span>Puebla, Puebla, M\u00e9xico<\/span><\/h3>\n<p>[\/et_pb_text][et_pb_text _builder_version=\u00bb4.17.4&#8243; _module_preset=\u00bb4827deed-2a92-4d97-a22f-f01067ae6873&#8243; header_font=\u00bb||||||||\u00bb header_4_font=\u00bbDarker Grotesque|700|||||||\u00bb header_4_text_color=\u00bb#FFFFFF\u00bb header_4_font_size=\u00bb20px\u00bb header_4_line_height=\u00bb1.4em\u00bb custom_margin=\u00bb||0px||false|false\u00bb header_4_font_size_tablet=\u00bb17px\u00bb header_4_font_size_phone=\u00bb15px\u00bb header_4_font_size_last_edited=\u00bbon|phone\u00bb locked=\u00bboff\u00bb global_colors_info=\u00bb{}\u00bb]<\/p>\n<h4>Cont\u00e1ctanos<\/h4>\n<p>[\/et_pb_text][et_pb_text _builder_version=\u00bb4.25.1&#8243; _module_preset=\u00bbaaa7c440-590a-4078-ae0c-0f3c699ac51c\u00bb header_font=\u00bb||||||||\u00bb header_3_font=\u00bbDarker Grotesque|700|||||||\u00bb header_3_text_color=\u00bb#FFFFFF\u00bb header_3_font_size=\u00bb24px\u00bb header_3_line_height=\u00bb1.2em\u00bb custom_padding=\u00bb|42px||98px||\u00bb header_3_font_size_tablet=\u00bb20px\u00bb header_3_font_size_phone=\u00bb16px\u00bb header_3_font_size_last_edited=\u00bbon|phone\u00bb locked=\u00bboff\u00bb global_colors_info=\u00bb{}\u00bb]<\/p>\n<h3><span>+52 ( 222 ) 210 56 44<\/span><br \/><span>+52 ( 222 ) 210 58 49<\/span><\/h3>\n<p>[\/et_pb_text][et_pb_social_media_follow icon_color=\u00bb#FFFFFF\u00bb use_icon_font_size=\u00bbon\u00bb _builder_version=\u00bb4.25.1&#8243; _module_preset=\u00bbdefault\u00bb custom_margin=\u00bb-89px|||||\u00bb custom_padding=\u00bb3px|||26px||\u00bb border_radii=\u00bbon|100px|100px|100px|100px\u00bb global_colors_info=\u00bb{}\u00bb][et_pb_social_media_follow_network social_network=\u00bbfacebook\u00bb url=\u00bbhttps:\/\/www.facebook.com\/people\/Manzanita-Zacatl%C3%A1n\/100067720941748\/?fref=ts\u00bb _builder_version=\u00bb4.25.1&#8243; _module_preset=\u00bbdefault\u00bb background_color=\u00bb#73a315&#8243; background_enable_color=\u00bbon\u00bb custom_padding=\u00bb5px|5px|5px|5px|true|true\u00bb global_colors_info=\u00bb{}\u00bb follow_button=\u00bboff\u00bb url_new_window=\u00bbon\u00bb]facebook[\/et_pb_social_media_follow_network][\/et_pb_social_media_follow][\/et_pb_column][et_pb_column type=\u00bb1_3&#8243; _builder_version=\u00bb4.25.1&#8243; _module_preset=\u00bbdefault\u00bb background_enable_mask_style=\u00bbon\u00bb background_mask_style=\u00bbbean\u00bb background_mask_color=\u00bb#6f9603&#8243; background_mask_transform=\u00bbinvert\u00bb background_mask_size=\u00bbcustom\u00bb custom_padding=\u00bb30px|40px|30px|40px|true|true\u00bb custom_padding_tablet=\u00bb50px|50px|35%|50px|false|true\u00bb custom_padding_phone=\u00bb20px|30px|40%|30px|false|true\u00bb custom_padding_last_edited=\u00bbon|tablet\u00bb background_last_edited=\u00bbon|tablet\u00bb background_mask_aspect_ratio_tablet=\u00bblandscape\u00bb background_mask_aspect_ratio_phone=\u00bbportrait\u00bb background_mask_size_phone=\u00bbcover\u00bb background_mask_position_tablet=\u00bbtop_center\u00bb global_colors_info=\u00bb{}\u00bb][et_pb_image src=\u00bbhttps:\/\/damaris.armesis.com\/wp-content\/uploads\/2024\/06\/logoblanc.png\u00bb title_text=\u00bblogoblanc\u00bb _builder_version=\u00bb4.25.1&#8243; _module_preset=\u00bbdefault\u00bb width=\u00bb52%\u00bb max_width=\u00bb100%\u00bb module_alignment=\u00bbcenter\u00bb custom_margin=\u00bb-82px|18px|2px||false|false\u00bb custom_padding=\u00bb||0px|||\u00bb global_colors_info=\u00bb{}\u00bb][\/et_pb_image][et_pb_text _builder_version=\u00bb4.25.1&#8243; _module_preset=\u00bb1f09816e-184e-4ce5-a4cf-b39c52c423ca\u00bb text_font=\u00bbDarker Grotesque|700|||||||\u00bb text_text_color=\u00bb#FFFFFF\u00bb text_font_size=\u00bb19px\u00bb text_line_height=\u00bb1.5em\u00bb text_font_size_tablet=\u00bb18px\u00bb text_font_size_phone=\u00bb16px\u00bb text_font_size_last_edited=\u00bbon|phone\u00bb header_font_size_tablet=\u00bb55px\u00bb header_font_size_last_edited=\u00bboff|desktop\u00bb locked=\u00bboff\u00bb global_colors_info=\u00bb{}\u00bb]<\/p>\n<p style=\"text-align: center;\"><a href=\"https:\/\/damaris.armesis.com\/index.php\/aviso-de-privacidad\/\"><span style=\"color: #ffffff;\">Aviso de Privacidad<\/span><\/a><\/p>\n<p style=\"text-align: center;\"><span style=\"color: #ffffff;\"><a href=\"https:\/\/damaris.armesis.com\/index.php\/preguntas-frecuentes\/\" style=\"color: #ffffff;\">Preguntas Frecuentes<\/a><\/span><\/p>\n<p>[\/et_pb_text][\/et_pb_column][\/et_pb_row][\/et_pb_section]<\/p>\n","protected":false},"excerpt":{"rendered":"<p>Sidras Zacatl\u00e1nSidra \u00c1mbar Marqu\u00e9s de EstradaPresentaci\u00f3n: Botella de vidrio con 700 ml. Ingredientes: Jugo de manzana fermentado, jugo de naranja. % de alcohol: 5% Tiempo de a\u00f1ejamiento: 12 meses.Sidra Pilo\u00f1a mmPresentaci\u00f3n: Botella de vidrio con 700 ml. Ingredientes: Jugo de manzana fermentado, jugo de naranja. % de alcohol: 5% Tiempo de a\u00f1ejamiento: 12 meses.Sidra Rosada [&hellip;]<\/p>\n","protected":false},"author":1,"featured_media":0,"parent":0,"menu_order":0,"comment_status":"closed","ping_status":"closed","template":"","meta":{"_et_pb_use_builder":"on","_et_pb_old_content":"<!-- wp:divi\/placeholder \/-->","_et_gb_content_width":"","footnotes":""},"class_list":["post-24","page","type-page","status-publish","hentry"],"_links":{"self":[{"href":"https:\/\/damaris.armesis.com\/index.php\/wp-json\/wp\/v2\/pages\/24","targetHints":{"allow":["GET"]}}],"collection":[{"href":"https:\/\/damaris.armesis.com\/index.php\/wp-json\/wp\/v2\/pages"}],"about":[{"href":"https:\/\/damaris.armesis.com\/index.php\/wp-json\/wp\/v2\/types\/page"}],"author":[{"embeddable":true,"href":"https:\/\/damaris.armesis.com\/index.php\/wp-json\/wp\/v2\/users\/1"}],"replies":[{"embeddable":true,"href":"https:\/\/damaris.armesis.com\/index.php\/wp-json\/wp\/v2\/comments?post=24"}],"version-history":[{"count":4,"href":"https:\/\/damaris.armesis.com\/index.php\/wp-json\/wp\/v2\/pages\/24\/revisions"}],"predecessor-version":[{"id":420,"href":"https:\/\/damaris.armesis.com\/index.php\/wp-json\/wp\/v2\/pages\/24\/revisions\/420"}],"wp:attachment":[{"href":"https:\/\/damaris.armesis.com\/index.php\/wp-json\/wp\/v2\/media?parent=24"}],"curies":[{"name":"wp","href":"https:\/\/api.w.org\/{rel}","templated":true}]}}