{"id":16,"date":"2024-05-31T16:45:38","date_gmt":"2024-05-31T16:45:38","guid":{"rendered":"https:\/\/damaris.armesis.com\/?page_id=16"},"modified":"2024-06-18T05:49:16","modified_gmt":"2024-06-18T05:49:16","slug":"nosotros","status":"publish","type":"page","link":"https:\/\/damaris.armesis.com\/index.php\/nosotros\/","title":{"rendered":"Nosotros"},"content":{"rendered":"<p>[et_pb_section fb_built=\u00bb1&#8243; admin_label=\u00bbHeader\u00bb _builder_version=\u00bb4.25.1&#8243; _module_preset=\u00bbdefault\u00bb background_enable_color=\u00bboff\u00bb background_image=\u00bbhttps:\/\/damaris.armesis.com\/wp-content\/uploads\/2024\/06\/Designer-1-1.jpeg\u00bb parallax=\u00bbon\u00bb parallax_method=\u00bboff\u00bb overflow-x=\u00bbhidden\u00bb overflow-y=\u00bbhidden\u00bb custom_padding=\u00bb277px||277px||true|false\u00bb animation_style=\u00bbfade\u00bb collapsed=\u00bboff\u00bb global_colors_info=\u00bb{}\u00bb][et_pb_row column_structure=\u00bb3_5,2_5&#8243; _builder_version=\u00bb4.17.4&#8243; _module_preset=\u00bbdefault\u00bb z_index=\u00bb10&#8243; custom_margin=\u00bb-120px|auto|-4px|auto|false|false\u00bb custom_padding=\u00bb||29px|||\u00bb global_colors_info=\u00bb{}\u00bb][et_pb_column type=\u00bb3_5&#8243; _builder_version=\u00bb4.17.4&#8243; _module_preset=\u00bbdefault\u00bb global_colors_info=\u00bb{}\u00bb][et_pb_text _builder_version=\u00bb4.25.1&#8243; _module_preset=\u00bbc16985e1-e0d6-4022-964d-e2bfc04fa633&#8243; header_font=\u00bbDarker Grotesque|700|||||||\u00bb header_text_color=\u00bb#FFFFFF\u00bb header_font_size=\u00bb93px\u00bb header_line_height=\u00bb0.9em\u00bb custom_margin=\u00bb18px||32px|||\u00bb custom_padding=\u00bb2px||2px|||\u00bb header_font_size_tablet=\u00bb40px\u00bb header_font_size_phone=\u00bb24px\u00bb header_font_size_last_edited=\u00bbon|phone\u00bb header_text_shadow_style=\u00bbpreset2&#8243; header_text_shadow_color=\u00bb#422700&#8243; global_colors_info=\u00bb{}\u00bb]<\/p>\n<h1>Nosotros<\/h1>\n<p>[\/et_pb_text][\/et_pb_column][et_pb_column type=\u00bb2_5&#8243; _builder_version=\u00bb4.17.4&#8243; _module_preset=\u00bbdefault\u00bb global_colors_info=\u00bb{}\u00bb][\/et_pb_column][\/et_pb_row][et_pb_row _builder_version=\u00bb4.17.4&#8243; _module_preset=\u00bbdefault\u00bb positioning=\u00bbabsolute\u00bb position_origin_a=\u00bbbottom_center\u00bb width=\u00bb100%\u00bb max_width=\u00bb100%\u00bb custom_padding=\u00bb||0px||false|false\u00bb global_colors_info=\u00bb{}\u00bb][et_pb_column type=\u00bb4_4&#8243; _builder_version=\u00bb4.17.4&#8243; _module_preset=\u00bbdefault\u00bb global_colors_info=\u00bb{}\u00bb][et_pb_image src=\u00bbhttps:\/\/damaris.armesis.com\/wp-content\/uploads\/2024\/06\/brush-bg-01d.png\u00bb title_text=\u00bbbrush-bg-01d\u00bb force_fullwidth=\u00bbon\u00bb _builder_version=\u00bb4.17.4&#8243; _module_preset=\u00bbdefault\u00bb custom_margin=\u00bb||||false|false\u00bb global_colors_info=\u00bb{}\u00bb][\/et_pb_image][\/et_pb_column][\/et_pb_row][\/et_pb_section][et_pb_section fb_built=\u00bb1&#8243; _builder_version=\u00bb4.25.1&#8243; _module_preset=\u00bbdefault\u00bb custom_padding=\u00bb18px||37px|||\u00bb bottom_divider_height=\u00bb85px\u00bb animation_direction=\u00bbtop\u00bb global_colors_info=\u00bb{}\u00bb][et_pb_row column_structure=\u00bb1_2,1_2&#8243; _builder_version=\u00bb4.25.1&#8243; _module_preset=\u00bbdefault\u00bb custom_margin=\u00bb-32px|auto||auto||\u00bb global_colors_info=\u00bb{}\u00bb][et_pb_column type=\u00bb1_2&#8243; _builder_version=\u00bb4.25.1&#8243; _module_preset=\u00bbdefault\u00bb global_colors_info=\u00bb{}\u00bb][et_pb_code _builder_version=\u00bb4.25.1&#8243; _module_preset=\u00bbdefault\u00bb text_orientation=\u00bbcenter\u00bb module_alignment=\u00bbcenter\u00bb custom_margin=\u00bb||5px||false|false\u00bb animation_style=\u00bbbounce\u00bb global_colors_info=\u00bb{}\u00bb]<lord-icon<!-- [et_pb_line_break_holder] -->    src=\u00bbhttps:\/\/cdn.lordicon.com\/nuqshqha.json\u00bb<!-- [et_pb_line_break_holder] -->    trigger=\u00bbloop-on-hover\u00bb<!-- [et_pb_line_break_holder] -->    delay=\u00bb500&#8243;<!-- [et_pb_line_break_holder] -->    colors=\u00bbprimary:#121331,secondary:#c71f16,tertiary:#86c716&#8243;<!-- [et_pb_line_break_holder] -->    style=\u00bbwidth:200px;height:200px\u00bb><!-- [et_pb_line_break_holder] --><\/lord-icon>[\/et_pb_code][et_pb_blurb title=\u00bb\u00bfQui\u00e9nes somos?\u00bb _builder_version=\u00bb4.25.1&#8243; _module_preset=\u00bbdefault\u00bb header_level=\u00bbh2&#8243; header_font=\u00bb|700|||||||\u00bb header_text_align=\u00bbcenter\u00bb header_text_color=\u00bb#000000&#8243; body_text_align=\u00bbcenter\u00bb body_font_size=\u00bb15px\u00bb animation_style=\u00bbfade\u00bb hover_enabled=\u00bb0&#8243; global_colors_info=\u00bb{}\u00bb custom_padding=\u00bb|40px||40px|false|true\u00bb sticky_enabled=\u00bb0&#8243;]<\/p>\n<p style=\"text-align: justify;\"><span style=\"color: #000000;\"><\/span><\/p>\n<p style=\"text-align: center;\"><span style=\"color: #000000;\">Somos una empresa dedicada a la producci\u00f3n, transformaci\u00f3n y comercializaci\u00f3n de productos y servicios del sector agroalimentario.<\/span><\/p>\n<p>[\/et_pb_blurb][\/et_pb_column][et_pb_column type=\u00bb1_2&#8243; _builder_version=\u00bb4.25.1&#8243; _module_preset=\u00bbdefault\u00bb global_colors_info=\u00bb{}\u00bb][et_pb_code _builder_version=\u00bb4.25.1&#8243; _module_preset=\u00bbdefault\u00bb text_orientation=\u00bbcenter\u00bb module_alignment=\u00bbcenter\u00bb custom_margin=\u00bb||5px||false|false\u00bb animation_style=\u00bbbounce\u00bb global_colors_info=\u00bb{}\u00bb]<lord-icon<!-- [et_pb_line_break_holder] -->    src=\u00bbhttps:\/\/cdn.lordicon.com\/otyjgbqd.json\u00bb<!-- [et_pb_line_break_holder] -->    trigger=\u00bbloop-on-hover\u00bb<!-- [et_pb_line_break_holder] -->    delay=\u00bb500&#8243;<!-- [et_pb_line_break_holder] -->    colors=\u00bbprimary:#121331,secondary:#e86830,tertiary:#c71f16,quaternary:#ebe6ef\u00bb<!-- [et_pb_line_break_holder] -->    style=\u00bbwidth:200px;height:200px\u00bb><!-- [et_pb_line_break_holder] --><\/lord-icon>[\/et_pb_code][et_pb_blurb title=\u00bbUna gran tradici\u00f3n\u00bb _builder_version=\u00bb4.25.1&#8243; _module_preset=\u00bbdefault\u00bb header_level=\u00bbh2&#8243; header_font=\u00bb|700|||||||\u00bb header_text_align=\u00bbcenter\u00bb header_text_color=\u00bb#000000&#8243; body_text_align=\u00bbcenter\u00bb body_font_size=\u00bb15px\u00bb animation_style=\u00bbfade\u00bb hover_enabled=\u00bb0&#8243; global_colors_info=\u00bb{}\u00bb custom_padding=\u00bb|40px||40px|false|true\u00bb sticky_enabled=\u00bb0&#8243;]<\/p>\n<p style=\"text-align: justify;\"><span style=\"color: #000000;\"><\/span><\/p>\n<p style=\"text-align: center;\"><span style=\"color: #000000;\">Las bebidas fermentadas y la sidra ostentan una tradici\u00f3n desde 1935 en Zacatl\u00e1n, Puebla.<\/span><\/p>\n<p>[\/et_pb_blurb][\/et_pb_column][\/et_pb_row][\/et_pb_section][et_pb_section fb_built=\u00bb1&#8243; prev_background_color=\u00bb#ffffff\u00bb next_background_color=\u00bb#2f3500&#8243; _builder_version=\u00bb4.25.1&#8243; _module_preset=\u00bbdefault\u00bb background_image=\u00bbhttps:\/\/damaris.armesis.com\/wp-content\/uploads\/2024\/06\/Zacatlan_-_Reloj_1-scaled.jpg\u00bb parallax=\u00bbon\u00bb custom_padding=\u00bb220px||263px||false|false\u00bb top_divider_style=\u00bbwaves2&#8243; top_divider_height=\u00bb50px\u00bb top_divider_flip=\u00bbvertical\u00bb bottom_divider_style=\u00bbcurve2&#8243; animation_style=\u00bbzoom\u00bb global_colors_info=\u00bb{}\u00bb][et_pb_row _builder_version=\u00bb4.25.1&#8243; _module_preset=\u00bbdefault\u00bb global_colors_info=\u00bb{}\u00bb][et_pb_column type=\u00bb4_4&#8243; _builder_version=\u00bb4.25.1&#8243; _module_preset=\u00bbdefault\u00bb global_colors_info=\u00bb{}\u00bb][et_pb_text _builder_version=\u00bb4.25.1&#8243; _module_preset=\u00bbdefault\u00bb text_font=\u00bb|600|||||||\u00bb text_text_color=\u00bb#354400&#8243; text_font_size=\u00bb16px\u00bb background_color=\u00bbrgba(255,255,255,0.82)\u00bb text_orientation=\u00bbcenter\u00bb custom_margin=\u00bb|110px||110px|false|true\u00bb custom_padding=\u00bb20px|100px|20px|100px|true|true\u00bb animation_style=\u00bbflip\u00bb hover_enabled=\u00bb0&#8243; border_radii=\u00bbon|15px|15px|15px|15px\u00bb box_shadow_style=\u00bbpreset3&#8243; global_colors_info=\u00bb{}\u00bb sticky_enabled=\u00bb0&#8243;]<\/p>\n<p><span>Queremos ser un sistema de negocio agroindustrial consolidado y reconocido a nivel nacional e internacional por la calidad de nuestros productos y servicios, asegurando la satisfacci\u00f3n y bienestar de todos nuestros clientes, proveedores y colaboradores.<\/span><\/p>\n<p>[\/et_pb_text][\/et_pb_column][\/et_pb_row][\/et_pb_section][et_pb_section fb_built=\u00bb1&#8243; admin_label=\u00bbFooter\u00bb _builder_version=\u00bb4.25.1&#8243; _module_preset=\u00bbdefault\u00bb background_color=\u00bb#2f3500&#8243; background_enable_image=\u00bboff\u00bb custom_padding=\u00bb32px||25px||false|false\u00bb animation_style=\u00bbfade\u00bb locked=\u00bboff\u00bb collapsed=\u00bboff\u00bb global_colors_info=\u00bb{}\u00bb][et_pb_row column_structure=\u00bb2_3,1_3&#8243; make_equal=\u00bbon\u00bb _builder_version=\u00bb4.25.1&#8243; _module_preset=\u00bbdefault\u00bb custom_padding=\u00bb51px|||||\u00bb global_colors_info=\u00bb{}\u00bb][et_pb_column type=\u00bb2_3&#8243; _builder_version=\u00bb4.17.4&#8243; _module_preset=\u00bbdefault\u00bb global_colors_info=\u00bb{}\u00bb][et_pb_text _builder_version=\u00bb4.17.4&#8243; _module_preset=\u00bb4827deed-2a92-4d97-a22f-f01067ae6873&#8243; header_font=\u00bb||||||||\u00bb header_4_font=\u00bbDarker Grotesque|700|||||||\u00bb header_4_text_color=\u00bb#FFFFFF\u00bb header_4_font_size=\u00bb20px\u00bb header_4_line_height=\u00bb1.4em\u00bb custom_margin=\u00bb||0px||false|false\u00bb header_4_font_size_tablet=\u00bb17px\u00bb header_4_font_size_phone=\u00bb15px\u00bb header_4_font_size_last_edited=\u00bbon|phone\u00bb locked=\u00bboff\u00bb global_colors_info=\u00bb{}\u00bb]<\/p>\n<h4>Direcci\u00f3n<\/h4>\n<p>[\/et_pb_text][et_pb_text _builder_version=\u00bb4.25.1&#8243; _module_preset=\u00bbaaa7c440-590a-4078-ae0c-0f3c699ac51c\u00bb header_font=\u00bb||||||||\u00bb header_3_font=\u00bbDarker Grotesque|700|||||||\u00bb header_3_text_color=\u00bb#FFFFFF\u00bb header_3_font_size=\u00bb24px\u00bb header_3_line_height=\u00bb1.2em\u00bb header_3_font_size_tablet=\u00bb20px\u00bb header_3_font_size_phone=\u00bb16px\u00bb header_3_font_size_last_edited=\u00bbon|phone\u00bb locked=\u00bboff\u00bb global_colors_info=\u00bb{}\u00bb]<\/p>\n<h3><span>Camino la Puerta N\u00b0 6, <\/span><span>Agroparque Esperanza <\/span><span>Puebla, Puebla, M\u00e9xico<\/span><\/h3>\n<p>[\/et_pb_text][et_pb_text _builder_version=\u00bb4.17.4&#8243; _module_preset=\u00bb4827deed-2a92-4d97-a22f-f01067ae6873&#8243; header_font=\u00bb||||||||\u00bb header_4_font=\u00bbDarker Grotesque|700|||||||\u00bb header_4_text_color=\u00bb#FFFFFF\u00bb header_4_font_size=\u00bb20px\u00bb header_4_line_height=\u00bb1.4em\u00bb custom_margin=\u00bb||0px||false|false\u00bb header_4_font_size_tablet=\u00bb17px\u00bb header_4_font_size_phone=\u00bb15px\u00bb header_4_font_size_last_edited=\u00bbon|phone\u00bb locked=\u00bboff\u00bb global_colors_info=\u00bb{}\u00bb]<\/p>\n<h4>Cont\u00e1ctanos<\/h4>\n<p>[\/et_pb_text][et_pb_text _builder_version=\u00bb4.25.1&#8243; _module_preset=\u00bbaaa7c440-590a-4078-ae0c-0f3c699ac51c\u00bb header_font=\u00bb||||||||\u00bb header_3_font=\u00bbDarker Grotesque|700|||||||\u00bb header_3_text_color=\u00bb#FFFFFF\u00bb header_3_font_size=\u00bb24px\u00bb header_3_line_height=\u00bb1.2em\u00bb custom_padding=\u00bb|42px||98px||\u00bb header_3_font_size_tablet=\u00bb20px\u00bb header_3_font_size_phone=\u00bb16px\u00bb header_3_font_size_last_edited=\u00bbon|phone\u00bb locked=\u00bboff\u00bb global_colors_info=\u00bb{}\u00bb]<\/p>\n<h3><span>+52 ( 222 ) 210 56 44<\/span><br \/><span>+52 ( 222 ) 210 58 49<\/span><\/h3>\n<p>[\/et_pb_text][et_pb_social_media_follow icon_color=\u00bb#FFFFFF\u00bb use_icon_font_size=\u00bbon\u00bb _builder_version=\u00bb4.25.1&#8243; _module_preset=\u00bbdefault\u00bb custom_margin=\u00bb-89px|||||\u00bb custom_padding=\u00bb3px|||26px||\u00bb border_radii=\u00bbon|100px|100px|100px|100px\u00bb global_colors_info=\u00bb{}\u00bb][et_pb_social_media_follow_network social_network=\u00bbfacebook\u00bb url=\u00bbhttps:\/\/www.facebook.com\/people\/Manzanita-Zacatl%C3%A1n\/100067720941748\/?fref=ts\u00bb _builder_version=\u00bb4.25.1&#8243; _module_preset=\u00bbdefault\u00bb background_color=\u00bb#73a315&#8243; background_enable_color=\u00bbon\u00bb custom_padding=\u00bb5px|5px|5px|5px|true|true\u00bb global_colors_info=\u00bb{}\u00bb follow_button=\u00bboff\u00bb url_new_window=\u00bbon\u00bb]facebook[\/et_pb_social_media_follow_network][\/et_pb_social_media_follow][\/et_pb_column][et_pb_column type=\u00bb1_3&#8243; _builder_version=\u00bb4.25.1&#8243; _module_preset=\u00bbdefault\u00bb background_enable_mask_style=\u00bbon\u00bb background_mask_style=\u00bbbean\u00bb background_mask_color=\u00bb#6f9603&#8243; background_mask_transform=\u00bbinvert\u00bb background_mask_size=\u00bbcustom\u00bb custom_padding=\u00bb30px|40px|30px|40px|true|true\u00bb custom_padding_tablet=\u00bb50px|50px|35%|50px|false|true\u00bb custom_padding_phone=\u00bb20px|30px|40%|30px|false|true\u00bb custom_padding_last_edited=\u00bbon|tablet\u00bb background_last_edited=\u00bbon|tablet\u00bb background_mask_aspect_ratio_tablet=\u00bblandscape\u00bb background_mask_aspect_ratio_phone=\u00bbportrait\u00bb background_mask_size_phone=\u00bbcover\u00bb background_mask_position_tablet=\u00bbtop_center\u00bb global_colors_info=\u00bb{}\u00bb][et_pb_image src=\u00bbhttps:\/\/damaris.armesis.com\/wp-content\/uploads\/2024\/06\/logoblanc.png\u00bb title_text=\u00bblogoblanc\u00bb _builder_version=\u00bb4.25.1&#8243; _module_preset=\u00bbdefault\u00bb width=\u00bb52%\u00bb max_width=\u00bb100%\u00bb module_alignment=\u00bbcenter\u00bb custom_margin=\u00bb-82px|18px|2px||false|false\u00bb custom_padding=\u00bb||0px|||\u00bb global_colors_info=\u00bb{}\u00bb][\/et_pb_image][et_pb_text _builder_version=\u00bb4.25.1&#8243; _module_preset=\u00bb1f09816e-184e-4ce5-a4cf-b39c52c423ca\u00bb text_font=\u00bbDarker Grotesque|700|||||||\u00bb text_text_color=\u00bb#FFFFFF\u00bb text_font_size=\u00bb19px\u00bb text_line_height=\u00bb1.5em\u00bb text_font_size_tablet=\u00bb18px\u00bb text_font_size_phone=\u00bb16px\u00bb text_font_size_last_edited=\u00bbon|phone\u00bb header_font_size_tablet=\u00bb55px\u00bb header_font_size_last_edited=\u00bboff|desktop\u00bb locked=\u00bboff\u00bb global_colors_info=\u00bb{}\u00bb]<\/p>\n<p style=\"text-align: center;\"><a href=\"https:\/\/damaris.armesis.com\/index.php\/aviso-de-privacidad\/\"><span style=\"color: #ffffff;\">Aviso de Privacidad<\/span><\/a><\/p>\n<p style=\"text-align: center;\"><span style=\"color: #ffffff;\"><a href=\"https:\/\/damaris.armesis.com\/index.php\/preguntas-frecuentes\/\" style=\"color: #ffffff;\">Preguntas Frecuentes<\/a><\/span><\/p>\n<p>[\/et_pb_text][\/et_pb_column][\/et_pb_row][\/et_pb_section]<\/p>\n","protected":false},"excerpt":{"rendered":"<p>Nosotros Somos una empresa dedicada a la producci\u00f3n, transformaci\u00f3n y comercializaci\u00f3n de productos y servicios del sector agroalimentario. Las bebidas fermentadas y la sidra ostentan una tradici\u00f3n desde 1935 en Zacatl\u00e1n, Puebla.Queremos ser un sistema de negocio agroindustrial consolidado y reconocido a nivel nacional e internacional por la calidad de nuestros productos y servicios, asegurando [&hellip;]<\/p>\n","protected":false},"author":1,"featured_media":0,"parent":0,"menu_order":0,"comment_status":"closed","ping_status":"closed","template":"","meta":{"_et_pb_use_builder":"on","_et_pb_old_content":"<!-- wp:divi\/placeholder \/-->","_et_gb_content_width":"","footnotes":""},"class_list":["post-16","page","type-page","status-publish","hentry"],"_links":{"self":[{"href":"https:\/\/damaris.armesis.com\/index.php\/wp-json\/wp\/v2\/pages\/16","targetHints":{"allow":["GET"]}}],"collection":[{"href":"https:\/\/damaris.armesis.com\/index.php\/wp-json\/wp\/v2\/pages"}],"about":[{"href":"https:\/\/damaris.armesis.com\/index.php\/wp-json\/wp\/v2\/types\/page"}],"author":[{"embeddable":true,"href":"https:\/\/damaris.armesis.com\/index.php\/wp-json\/wp\/v2\/users\/1"}],"replies":[{"embeddable":true,"href":"https:\/\/damaris.armesis.com\/index.php\/wp-json\/wp\/v2\/comments?post=16"}],"version-history":[{"count":12,"href":"https:\/\/damaris.armesis.com\/index.php\/wp-json\/wp\/v2\/pages\/16\/revisions"}],"predecessor-version":[{"id":348,"href":"https:\/\/damaris.armesis.com\/index.php\/wp-json\/wp\/v2\/pages\/16\/revisions\/348"}],"wp:attachment":[{"href":"https:\/\/damaris.armesis.com\/index.php\/wp-json\/wp\/v2\/media?parent=16"}],"curies":[{"name":"wp","href":"https:\/\/api.w.org\/{rel}","templated":true}]}}